{"id":134,"date":"2025-05-09T10:48:13","date_gmt":"2025-05-09T10:48:13","guid":{"rendered":"https:\/\/bole-thies-ouest.com\/?page_id=134"},"modified":"2025-06-12T11:38:22","modified_gmt":"2025-06-12T11:38:22","slug":"nos-services","status":"publish","type":"page","link":"https:\/\/bole-thies-ouest.com\/index.php\/nos-services\/","title":{"rendered":"Nos Services"},"content":{"rendered":"\n\n\n\n\n\n\n\n\n\n\n\n\n\n\n\n","protected":false},"excerpt":{"rendered":"","protected":false},"author":1,"featured_media":0,"parent":0,"menu_order":0,"comment_status":"closed","ping_status":"closed","template":"full-width","meta":{"saved_in_kubio":true,"_kadence_starter_templates_imported_post":false,"footnotes":""},"class_list":["post-134","page","type-page","status-publish","hentry"],"kubio_ai_page_context":{"short_desc":"Cette page se concentre sur la mise en valeur des offres de notre entreprise. Pr\u00e9sentez des d\u00e9tails sur les produits sp\u00e9cifiques, les solutions ou l'expertise que notre entreprise fournit pour attirer des clients potentiels.","purpose":"services","isFrontPage":false},"yoast_head":"<!-- This site is optimized with the Yoast SEO plugin v27.3 - https:\/\/yoast.com\/product\/yoast-seo-wordpress\/ -->\n<title>Nos Services -<\/title>\n<meta name=\"robots\" content=\"index, follow, max-snippet:-1, max-image-preview:large, max-video-preview:-1\" \/>\n<link rel=\"canonical\" href=\"https:\/\/bole-thies-ouest.com\/index.php\/nos-services\/\" \/>\n<meta property=\"og:locale\" content=\"fr_FR\" \/>\n<meta property=\"og:type\" content=\"article\" \/>\n<meta property=\"og:title\" content=\"Nos Services -\" \/>\n<meta property=\"og:url\" content=\"https:\/\/bole-thies-ouest.com\/index.php\/nos-services\/\" \/>\n<meta property=\"article:modified_time\" content=\"2025-06-12T11:38:22+00:00\" \/>\n<meta name=\"twitter:card\" content=\"summary_large_image\" \/>\n<meta name=\"twitter:label1\" content=\"Dur\u00e9e de lecture estim\u00e9e\" \/>\n\t<meta name=\"twitter:data1\" content=\"3 minutes\" \/>\n<script type=\"application\/ld+json\" class=\"yoast-schema-graph\">{\"@context\":\"https:\\\/\\\/schema.org\",\"@graph\":[{\"@type\":\"WebPage\",\"@id\":\"https:\\\/\\\/bole-thies-ouest.com\\\/index.php\\\/nos-services\\\/\",\"url\":\"https:\\\/\\\/bole-thies-ouest.com\\\/index.php\\\/nos-services\\\/\",\"name\":\"Nos Services -\",\"isPartOf\":{\"@id\":\"https:\\\/\\\/bole-thies-ouest.com\\\/#website\"},\"datePublished\":\"2025-05-09T10:48:13+00:00\",\"dateModified\":\"2025-06-12T11:38:22+00:00\",\"breadcrumb\":{\"@id\":\"https:\\\/\\\/bole-thies-ouest.com\\\/index.php\\\/nos-services\\\/#breadcrumb\"},\"inLanguage\":\"fr-FR\",\"potentialAction\":[{\"@type\":\"ReadAction\",\"target\":[\"https:\\\/\\\/bole-thies-ouest.com\\\/index.php\\\/nos-services\\\/\"]}]},{\"@type\":\"BreadcrumbList\",\"@id\":\"https:\\\/\\\/bole-thies-ouest.com\\\/index.php\\\/nos-services\\\/#breadcrumb\",\"itemListElement\":[{\"@type\":\"ListItem\",\"position\":1,\"name\":\"Accueil\",\"item\":\"https:\\\/\\\/bole-thies-ouest.com\\\/\"},{\"@type\":\"ListItem\",\"position\":2,\"name\":\"Nos Services\"}]},{\"@type\":\"WebSite\",\"@id\":\"https:\\\/\\\/bole-thies-ouest.com\\\/#website\",\"url\":\"https:\\\/\\\/bole-thies-ouest.com\\\/\",\"name\":\"\",\"description\":\"Bureau Local d&#039;Orientation\",\"potentialAction\":[{\"@type\":\"SearchAction\",\"target\":{\"@type\":\"EntryPoint\",\"urlTemplate\":\"https:\\\/\\\/bole-thies-ouest.com\\\/?s={search_term_string}\"},\"query-input\":{\"@type\":\"PropertyValueSpecification\",\"valueRequired\":true,\"valueName\":\"search_term_string\"}}],\"inLanguage\":\"fr-FR\"}]}<\/script>\n<!-- \/ Yoast SEO plugin. -->","yoast_head_json":{"title":"Nos Services -","robots":{"index":"index","follow":"follow","max-snippet":"max-snippet:-1","max-image-preview":"max-image-preview:large","max-video-preview":"max-video-preview:-1"},"canonical":"https:\/\/bole-thies-ouest.com\/index.php\/nos-services\/","og_locale":"fr_FR","og_type":"article","og_title":"Nos Services -","og_url":"https:\/\/bole-thies-ouest.com\/index.php\/nos-services\/","article_modified_time":"2025-06-12T11:38:22+00:00","twitter_card":"summary_large_image","twitter_misc":{"Dur\u00e9e de lecture estim\u00e9e":"3 minutes"},"schema":{"@context":"https:\/\/schema.org","@graph":[{"@type":"WebPage","@id":"https:\/\/bole-thies-ouest.com\/index.php\/nos-services\/","url":"https:\/\/bole-thies-ouest.com\/index.php\/nos-services\/","name":"Nos Services -","isPartOf":{"@id":"https:\/\/bole-thies-ouest.com\/#website"},"datePublished":"2025-05-09T10:48:13+00:00","dateModified":"2025-06-12T11:38:22+00:00","breadcrumb":{"@id":"https:\/\/bole-thies-ouest.com\/index.php\/nos-services\/#breadcrumb"},"inLanguage":"fr-FR","potentialAction":[{"@type":"ReadAction","target":["https:\/\/bole-thies-ouest.com\/index.php\/nos-services\/"]}]},{"@type":"BreadcrumbList","@id":"https:\/\/bole-thies-ouest.com\/index.php\/nos-services\/#breadcrumb","itemListElement":[{"@type":"ListItem","position":1,"name":"Accueil","item":"https:\/\/bole-thies-ouest.com\/"},{"@type":"ListItem","position":2,"name":"Nos Services"}]},{"@type":"WebSite","@id":"https:\/\/bole-thies-ouest.com\/#website","url":"https:\/\/bole-thies-ouest.com\/","name":"","description":"Bureau Local d&#039;Orientation","potentialAction":[{"@type":"SearchAction","target":{"@type":"EntryPoint","urlTemplate":"https:\/\/bole-thies-ouest.com\/?s={search_term_string}"},"query-input":{"@type":"PropertyValueSpecification","valueRequired":true,"valueName":"search_term_string"}}],"inLanguage":"fr-FR"}]}},"_links":{"self":[{"href":"https:\/\/bole-thies-ouest.com\/index.php\/wp-json\/wp\/v2\/pages\/134","targetHints":{"allow":["GET"]}}],"collection":[{"href":"https:\/\/bole-thies-ouest.com\/index.php\/wp-json\/wp\/v2\/pages"}],"about":[{"href":"https:\/\/bole-thies-ouest.com\/index.php\/wp-json\/wp\/v2\/types\/page"}],"author":[{"embeddable":true,"href":"https:\/\/bole-thies-ouest.com\/index.php\/wp-json\/wp\/v2\/users\/1"}],"replies":[{"embeddable":true,"href":"https:\/\/bole-thies-ouest.com\/index.php\/wp-json\/wp\/v2\/comments?post=134"}],"version-history":[{"count":33,"href":"https:\/\/bole-thies-ouest.com\/index.php\/wp-json\/wp\/v2\/pages\/134\/revisions"}],"predecessor-version":[{"id":572,"href":"https:\/\/bole-thies-ouest.com\/index.php\/wp-json\/wp\/v2\/pages\/134\/revisions\/572"}],"wp:attachment":[{"href":"https:\/\/bole-thies-ouest.com\/index.php\/wp-json\/wp\/v2\/media?parent=134"}],"curies":[{"name":"wp","href":"https:\/\/api.w.org\/{rel}","templated":true}]}}